{"id":909,"date":"2024-02-19T18:11:55","date_gmt":"2024-02-19T14:11:55","guid":{"rendered":"https:\/\/umrahpackages.com\/home\/"},"modified":"2024-05-07T21:30:55","modified_gmt":"2024-05-07T17:30:55","slug":"home","status":"publish","type":"page","link":"https:\/\/umrahpackages.com\/tr\/","title":{"rendered":"Umrah Packages"},"content":{"rendered":"","protected":false},"excerpt":{"rendered":"","protected":false},"author":1,"featured_media":0,"parent":0,"menu_order":0,"comment_status":"closed","ping_status":"closed","template":"template-home.php","meta":{"_acf_changed":false,"inline_featured_image":false,"footnotes":""},"class_list":["post-909","page","type-page","status-publish","hentry"],"acf":[],"yoast_head":"<!-- This site is optimized with the Yoast SEO Premium plugin v22.6 (Yoast SEO v22.6) - https:\/\/yoast.com\/wordpress\/plugins\/seo\/ -->\n<title>Umre Paketleri: Oteller, Ula\u015f\u0131m, Vize ve Yerel Rehberler | UmrahPackages.com<\/title>\n<meta name=\"description\" content=\"Umre paketleri Mekke\u2019de umreye gitmek isteyen M\u00fcsl\u00fcmanlar i\u00e7in haz\u0131rlanm\u0131\u015f seyahat programlar\u0131d\u0131r. Hemen favori umru paketinizi ay\u0131rt\u0131n.\" \/>\n<meta name=\"robots\" content=\"noindex, follow, max-snippet:-1, max-image-preview:large, max-video-preview:-1\" \/>\n<meta property=\"og:locale\" content=\"tr_TR\" \/>\n<meta property=\"og:type\" content=\"article\" \/>\n<meta property=\"og:title\" content=\"Umre Paketleri: Oteller, Ula\u015f\u0131m, Vize ve Yerel Rehberler | UmrahPackages.com\" \/>\n<meta property=\"og:description\" content=\"Umre paketleri Mekke\u2019de umreye gitmek isteyen M\u00fcsl\u00fcmanlar i\u00e7in haz\u0131rlanm\u0131\u015f seyahat programlar\u0131d\u0131r. Hemen favori umru paketinizi ay\u0131rt\u0131n.\" \/>\n<meta property=\"og:url\" content=\"https:\/\/umrahpackages.com\/tr\/\" \/>\n<meta property=\"og:site_name\" content=\"UmrahPackages.com\" \/>\n<meta property=\"article:modified_time\" content=\"2024-05-07T17:30:55+00:00\" \/>\n<meta name=\"twitter:card\" content=\"summary_large_image\" \/>\n<meta name=\"twitter:title\" content=\"Umrah Packages\" \/>\n<script type=\"application\/ld+json\" class=\"yoast-schema-graph\">{\"@context\":\"https:\/\/schema.org\",\"@graph\":[{\"@type\":\"WebPage\",\"@id\":\"https:\/\/umrahpackages.com\/tr\/\",\"url\":\"https:\/\/umrahpackages.com\/tr\/\",\"name\":\"Umre Paketleri: Oteller, Ula\u015f\u0131m, Vize ve Yerel Rehberler | UmrahPackages.com\",\"isPartOf\":{\"@id\":\"https:\/\/umrahpackages.com\/tr\/#website\"},\"datePublished\":\"2024-02-19T14:11:55+00:00\",\"dateModified\":\"2024-05-07T17:30:55+00:00\",\"description\":\"Umre paketleri Mekke\u2019de umreye gitmek isteyen M\u00fcsl\u00fcmanlar i\u00e7in haz\u0131rlanm\u0131\u015f seyahat programlar\u0131d\u0131r. Hemen favori umru paketinizi ay\u0131rt\u0131n.\",\"breadcrumb\":{\"@id\":\"https:\/\/umrahpackages.com\/tr\/#breadcrumb\"},\"inLanguage\":\"tr\",\"potentialAction\":[{\"@type\":\"ReadAction\",\"target\":[\"https:\/\/umrahpackages.com\/tr\/\"]}]},{\"@type\":\"BreadcrumbList\",\"@id\":\"https:\/\/umrahpackages.com\/tr\/#breadcrumb\",\"itemListElement\":[{\"@type\":\"ListItem\",\"position\":1,\"name\":\"Home\",\"item\":\"https:\/\/umrahpackages.com\/tr\/\"},{\"@type\":\"ListItem\",\"position\":2,\"name\":\"Umrah Packages\"}]},{\"@type\":\"WebSite\",\"@id\":\"https:\/\/umrahpackages.com\/tr\/#website\",\"url\":\"https:\/\/umrahpackages.com\/tr\/\",\"name\":\"UmrahPackages.com\",\"description\":\"\",\"potentialAction\":[{\"@type\":\"SearchAction\",\"target\":{\"@type\":\"EntryPoint\",\"urlTemplate\":\"https:\/\/umrahpackages.com\/tr\/?s={search_term_string}\"},\"query-input\":\"required name=search_term_string\"}],\"inLanguage\":\"tr\"}]}<\/script>\n<!-- \/ Yoast SEO Premium plugin. -->","yoast_head_json":{"title":"Umre Paketleri: Oteller, Ula\u015f\u0131m, Vize ve Yerel Rehberler | UmrahPackages.com","description":"Umre paketleri Mekke\u2019de umreye gitmek isteyen M\u00fcsl\u00fcmanlar i\u00e7in haz\u0131rlanm\u0131\u015f seyahat programlar\u0131d\u0131r. Hemen favori umru paketinizi ay\u0131rt\u0131n.","robots":{"index":"noindex","follow":"follow","max-snippet":"max-snippet:-1","max-image-preview":"max-image-preview:large","max-video-preview":"max-video-preview:-1"},"og_locale":"tr_TR","og_type":"article","og_title":"Umre Paketleri: Oteller, Ula\u015f\u0131m, Vize ve Yerel Rehberler | UmrahPackages.com","og_description":"Umre paketleri Mekke\u2019de umreye gitmek isteyen M\u00fcsl\u00fcmanlar i\u00e7in haz\u0131rlanm\u0131\u015f seyahat programlar\u0131d\u0131r. Hemen favori umru paketinizi ay\u0131rt\u0131n.","og_url":"https:\/\/umrahpackages.com\/tr\/","og_site_name":"UmrahPackages.com","article_modified_time":"2024-05-07T17:30:55+00:00","twitter_card":"summary_large_image","twitter_title":"Umrah Packages","schema":{"@context":"https:\/\/schema.org","@graph":[{"@type":"WebPage","@id":"https:\/\/umrahpackages.com\/tr\/","url":"https:\/\/umrahpackages.com\/tr\/","name":"Umre Paketleri: Oteller, Ula\u015f\u0131m, Vize ve Yerel Rehberler | UmrahPackages.com","isPartOf":{"@id":"https:\/\/umrahpackages.com\/tr\/#website"},"datePublished":"2024-02-19T14:11:55+00:00","dateModified":"2024-05-07T17:30:55+00:00","description":"Umre paketleri Mekke\u2019de umreye gitmek isteyen M\u00fcsl\u00fcmanlar i\u00e7in haz\u0131rlanm\u0131\u015f seyahat programlar\u0131d\u0131r. Hemen favori umru paketinizi ay\u0131rt\u0131n.","breadcrumb":{"@id":"https:\/\/umrahpackages.com\/tr\/#breadcrumb"},"inLanguage":"tr","potentialAction":[{"@type":"ReadAction","target":["https:\/\/umrahpackages.com\/tr\/"]}]},{"@type":"BreadcrumbList","@id":"https:\/\/umrahpackages.com\/tr\/#breadcrumb","itemListElement":[{"@type":"ListItem","position":1,"name":"Home","item":"https:\/\/umrahpackages.com\/tr\/"},{"@type":"ListItem","position":2,"name":"Umrah Packages"}]},{"@type":"WebSite","@id":"https:\/\/umrahpackages.com\/tr\/#website","url":"https:\/\/umrahpackages.com\/tr\/","name":"UmrahPackages.com","description":"","potentialAction":[{"@type":"SearchAction","target":{"@type":"EntryPoint","urlTemplate":"https:\/\/umrahpackages.com\/tr\/?s={search_term_string}"},"query-input":"required name=search_term_string"}],"inLanguage":"tr"}]}},"_links":{"self":[{"href":"https:\/\/umrahpackages.com\/tr\/wp-json\/wp\/v2\/pages\/909","targetHints":{"allow":["GET"]}}],"collection":[{"href":"https:\/\/umrahpackages.com\/tr\/wp-json\/wp\/v2\/pages"}],"about":[{"href":"https:\/\/umrahpackages.com\/tr\/wp-json\/wp\/v2\/types\/page"}],"author":[{"embeddable":true,"href":"https:\/\/umrahpackages.com\/tr\/wp-json\/wp\/v2\/users\/1"}],"replies":[{"embeddable":true,"href":"https:\/\/umrahpackages.com\/tr\/wp-json\/wp\/v2\/comments?post=909"}],"version-history":[{"count":9,"href":"https:\/\/umrahpackages.com\/tr\/wp-json\/wp\/v2\/pages\/909\/revisions"}],"predecessor-version":[{"id":1779,"href":"https:\/\/umrahpackages.com\/tr\/wp-json\/wp\/v2\/pages\/909\/revisions\/1779"}],"wp:attachment":[{"href":"https:\/\/umrahpackages.com\/tr\/wp-json\/wp\/v2\/media?parent=909"}],"curies":[{"name":"wp","href":"https:\/\/api.w.org\/{rel}","templated":true}]}}