{"id":552,"date":"2024-02-19T18:11:55","date_gmt":"2024-02-19T14:11:55","guid":{"rendered":"https:\/\/umrahpackages.com\/home\/"},"modified":"2024-05-07T21:28:52","modified_gmt":"2024-05-07T17:28:52","slug":"home","status":"publish","type":"page","link":"https:\/\/umrahpackages.com\/pt\/","title":{"rendered":"Umrah Packages"},"content":{"rendered":"","protected":false},"excerpt":{"rendered":"","protected":false},"author":1,"featured_media":0,"parent":0,"menu_order":0,"comment_status":"closed","ping_status":"closed","template":"template-home.php","meta":{"_acf_changed":false,"inline_featured_image":false,"footnotes":""},"class_list":["post-552","page","type-page","status-publish","hentry"],"acf":[],"yoast_head":"<!-- This site is optimized with the Yoast SEO Premium plugin v22.6 (Yoast SEO v22.6) - https:\/\/yoast.com\/wordpress\/plugins\/seo\/ -->\n<title>Pacotes Umrah: Hot\u00e9is, Transporte, Visto e Guias Locais | UmrahPackages.com<\/title>\n<meta name=\"description\" content=\"Pacotes Umrah s\u00e3o programas de viagem projetados para mu\u00e7ulmanos que desejam realizar os rituais da Umrah em Meca. Reserve seu pacote de Umrah favorito.\" \/>\n<meta name=\"robots\" content=\"noindex, follow, max-snippet:-1, max-image-preview:large, max-video-preview:-1\" \/>\n<meta property=\"og:locale\" content=\"pt_PT\" \/>\n<meta property=\"og:type\" content=\"article\" \/>\n<meta property=\"og:title\" content=\"Umrah Packages, Hotel, Transportation, Local Guides | UmrahPackages.com\" \/>\n<meta property=\"og:description\" content=\"Start your Umrah Journey seamlessly, reliably\u2028 and affordably, drawing you closer to the essence \u2028of Islamic spirituality.\" \/>\n<meta property=\"og:url\" content=\"https:\/\/umrahpackages.com\/pt\/\" \/>\n<meta property=\"og:site_name\" content=\"UmrahPackages.com\" \/>\n<meta property=\"article:modified_time\" content=\"2024-05-07T17:28:52+00:00\" \/>\n<meta name=\"twitter:card\" content=\"summary_large_image\" \/>\n<meta name=\"twitter:title\" content=\"Umrah Packages\" \/>\n<script type=\"application\/ld+json\" class=\"yoast-schema-graph\">{\"@context\":\"https:\/\/schema.org\",\"@graph\":[{\"@type\":\"WebPage\",\"@id\":\"https:\/\/umrahpackages.com\/pt\/\",\"url\":\"https:\/\/umrahpackages.com\/pt\/\",\"name\":\"Pacotes Umrah: Hot\u00e9is, Transporte, Visto e Guias Locais | UmrahPackages.com\",\"isPartOf\":{\"@id\":\"https:\/\/umrahpackages.com\/pt\/#website\"},\"datePublished\":\"2024-02-19T14:11:55+00:00\",\"dateModified\":\"2024-05-07T17:28:52+00:00\",\"description\":\"Pacotes Umrah s\u00e3o programas de viagem projetados para mu\u00e7ulmanos que desejam realizar os rituais da Umrah em Meca. Reserve seu pacote de Umrah favorito.\",\"breadcrumb\":{\"@id\":\"https:\/\/umrahpackages.com\/pt\/#breadcrumb\"},\"inLanguage\":\"pt-PT\",\"potentialAction\":[{\"@type\":\"ReadAction\",\"target\":[\"https:\/\/umrahpackages.com\/pt\/\"]}]},{\"@type\":\"BreadcrumbList\",\"@id\":\"https:\/\/umrahpackages.com\/pt\/#breadcrumb\",\"itemListElement\":[{\"@type\":\"ListItem\",\"position\":1,\"name\":\"Home\",\"item\":\"https:\/\/umrahpackages.com\/pt\/\"},{\"@type\":\"ListItem\",\"position\":2,\"name\":\"Umrah Packages\"}]},{\"@type\":\"WebSite\",\"@id\":\"https:\/\/umrahpackages.com\/pt\/#website\",\"url\":\"https:\/\/umrahpackages.com\/pt\/\",\"name\":\"UmrahPackages.com\",\"description\":\"\",\"potentialAction\":[{\"@type\":\"SearchAction\",\"target\":{\"@type\":\"EntryPoint\",\"urlTemplate\":\"https:\/\/umrahpackages.com\/pt\/?s={search_term_string}\"},\"query-input\":\"required name=search_term_string\"}],\"inLanguage\":\"pt-PT\"}]}<\/script>\n<!-- \/ Yoast SEO Premium plugin. -->","yoast_head_json":{"title":"Pacotes Umrah: Hot\u00e9is, Transporte, Visto e Guias Locais | UmrahPackages.com","description":"Pacotes Umrah s\u00e3o programas de viagem projetados para mu\u00e7ulmanos que desejam realizar os rituais da Umrah em Meca. Reserve seu pacote de Umrah favorito.","robots":{"index":"noindex","follow":"follow","max-snippet":"max-snippet:-1","max-image-preview":"max-image-preview:large","max-video-preview":"max-video-preview:-1"},"og_locale":"pt_PT","og_type":"article","og_title":"Umrah Packages, Hotel, Transportation, Local Guides | UmrahPackages.com","og_description":"Start your Umrah Journey seamlessly, reliably\u2028 and affordably, drawing you closer to the essence \u2028of Islamic spirituality.","og_url":"https:\/\/umrahpackages.com\/pt\/","og_site_name":"UmrahPackages.com","article_modified_time":"2024-05-07T17:28:52+00:00","twitter_card":"summary_large_image","twitter_title":"Umrah Packages","schema":{"@context":"https:\/\/schema.org","@graph":[{"@type":"WebPage","@id":"https:\/\/umrahpackages.com\/pt\/","url":"https:\/\/umrahpackages.com\/pt\/","name":"Pacotes Umrah: Hot\u00e9is, Transporte, Visto e Guias Locais | UmrahPackages.com","isPartOf":{"@id":"https:\/\/umrahpackages.com\/pt\/#website"},"datePublished":"2024-02-19T14:11:55+00:00","dateModified":"2024-05-07T17:28:52+00:00","description":"Pacotes Umrah s\u00e3o programas de viagem projetados para mu\u00e7ulmanos que desejam realizar os rituais da Umrah em Meca. Reserve seu pacote de Umrah favorito.","breadcrumb":{"@id":"https:\/\/umrahpackages.com\/pt\/#breadcrumb"},"inLanguage":"pt-PT","potentialAction":[{"@type":"ReadAction","target":["https:\/\/umrahpackages.com\/pt\/"]}]},{"@type":"BreadcrumbList","@id":"https:\/\/umrahpackages.com\/pt\/#breadcrumb","itemListElement":[{"@type":"ListItem","position":1,"name":"Home","item":"https:\/\/umrahpackages.com\/pt\/"},{"@type":"ListItem","position":2,"name":"Umrah Packages"}]},{"@type":"WebSite","@id":"https:\/\/umrahpackages.com\/pt\/#website","url":"https:\/\/umrahpackages.com\/pt\/","name":"UmrahPackages.com","description":"","potentialAction":[{"@type":"SearchAction","target":{"@type":"EntryPoint","urlTemplate":"https:\/\/umrahpackages.com\/pt\/?s={search_term_string}"},"query-input":"required name=search_term_string"}],"inLanguage":"pt-PT"}]}},"_links":{"self":[{"href":"https:\/\/umrahpackages.com\/pt\/wp-json\/wp\/v2\/pages\/552","targetHints":{"allow":["GET"]}}],"collection":[{"href":"https:\/\/umrahpackages.com\/pt\/wp-json\/wp\/v2\/pages"}],"about":[{"href":"https:\/\/umrahpackages.com\/pt\/wp-json\/wp\/v2\/types\/page"}],"author":[{"embeddable":true,"href":"https:\/\/umrahpackages.com\/pt\/wp-json\/wp\/v2\/users\/1"}],"replies":[{"embeddable":true,"href":"https:\/\/umrahpackages.com\/pt\/wp-json\/wp\/v2\/comments?post=552"}],"version-history":[{"count":10,"href":"https:\/\/umrahpackages.com\/pt\/wp-json\/wp\/v2\/pages\/552\/revisions"}],"predecessor-version":[{"id":1777,"href":"https:\/\/umrahpackages.com\/pt\/wp-json\/wp\/v2\/pages\/552\/revisions\/1777"}],"wp:attachment":[{"href":"https:\/\/umrahpackages.com\/pt\/wp-json\/wp\/v2\/media?parent=552"}],"curies":[{"name":"wp","href":"https:\/\/api.w.org\/{rel}","templated":true}]}}