{"id":597,"date":"2024-02-19T18:11:55","date_gmt":"2024-02-19T14:11:55","guid":{"rendered":"https:\/\/umrahpackages.com\/home\/"},"modified":"2024-05-07T21:29:45","modified_gmt":"2024-05-07T17:29:45","slug":"home","status":"publish","type":"page","link":"https:\/\/umrahpackages.com\/es\/","title":{"rendered":"Umrah Packages"},"content":{"rendered":"","protected":false},"excerpt":{"rendered":"","protected":false},"author":1,"featured_media":0,"parent":0,"menu_order":0,"comment_status":"closed","ping_status":"closed","template":"template-home.php","meta":{"_acf_changed":false,"inline_featured_image":false,"footnotes":""},"class_list":["post-597","page","type-page","status-publish","hentry"],"acf":[],"yoast_head":"<!-- This site is optimized with the Yoast SEO Premium plugin v22.6 (Yoast SEO v22.6) - https:\/\/yoast.com\/wordpress\/plugins\/seo\/ -->\n<title>Paquetes Umrah: Hoteles, transporte, visados y gu\u00edas locales | UmrahPackages.com<\/title>\n<meta name=\"description\" content=\"Los paquetes Umrah son programas de viaje dise\u00f1ados para los musulmanes que deseen realizar los rituales de la peregrinaci\u00f3n Umrah en La Meca. Reserve su paquete Umrah favorito.\" \/>\n<meta name=\"robots\" content=\"noindex, follow, max-snippet:-1, max-image-preview:large, max-video-preview:-1\" \/>\n<meta property=\"og:locale\" content=\"es_ES\" \/>\n<meta property=\"og:type\" content=\"article\" \/>\n<meta property=\"og:title\" content=\"Umrah Packages, Hotel, Transportation, Local Guides | UmrahPackages.com\" \/>\n<meta property=\"og:description\" content=\"Start your Umrah Journey seamlessly, reliably\u2028 and affordably, drawing you closer to the essence \u2028of Islamic spirituality.\" \/>\n<meta property=\"og:url\" content=\"https:\/\/umrahpackages.com\/es\/\" \/>\n<meta property=\"og:site_name\" content=\"UmrahPackages.com\" \/>\n<meta property=\"article:modified_time\" content=\"2024-05-07T17:29:45+00:00\" \/>\n<meta name=\"twitter:card\" content=\"summary_large_image\" \/>\n<meta name=\"twitter:title\" content=\"Umrah Packages\" \/>\n<script type=\"application\/ld+json\" class=\"yoast-schema-graph\">{\"@context\":\"https:\/\/schema.org\",\"@graph\":[{\"@type\":\"WebPage\",\"@id\":\"https:\/\/umrahpackages.com\/es\/\",\"url\":\"https:\/\/umrahpackages.com\/es\/\",\"name\":\"Paquetes Umrah: Hoteles, transporte, visados y gu\u00edas locales | UmrahPackages.com\",\"isPartOf\":{\"@id\":\"https:\/\/umrahpackages.com\/es\/#website\"},\"datePublished\":\"2024-02-19T14:11:55+00:00\",\"dateModified\":\"2024-05-07T17:29:45+00:00\",\"description\":\"Los paquetes Umrah son programas de viaje dise\u00f1ados para los musulmanes que deseen realizar los rituales de la peregrinaci\u00f3n Umrah en La Meca. Reserve su paquete Umrah favorito.\",\"breadcrumb\":{\"@id\":\"https:\/\/umrahpackages.com\/es\/#breadcrumb\"},\"inLanguage\":\"es\",\"potentialAction\":[{\"@type\":\"ReadAction\",\"target\":[\"https:\/\/umrahpackages.com\/es\/\"]}]},{\"@type\":\"BreadcrumbList\",\"@id\":\"https:\/\/umrahpackages.com\/es\/#breadcrumb\",\"itemListElement\":[{\"@type\":\"ListItem\",\"position\":1,\"name\":\"Home\",\"item\":\"https:\/\/umrahpackages.com\/es\/\"},{\"@type\":\"ListItem\",\"position\":2,\"name\":\"Umrah Packages\"}]},{\"@type\":\"WebSite\",\"@id\":\"https:\/\/umrahpackages.com\/es\/#website\",\"url\":\"https:\/\/umrahpackages.com\/es\/\",\"name\":\"UmrahPackages.com\",\"description\":\"\",\"potentialAction\":[{\"@type\":\"SearchAction\",\"target\":{\"@type\":\"EntryPoint\",\"urlTemplate\":\"https:\/\/umrahpackages.com\/es\/?s={search_term_string}\"},\"query-input\":\"required name=search_term_string\"}],\"inLanguage\":\"es\"}]}<\/script>\n<!-- \/ Yoast SEO Premium plugin. -->","yoast_head_json":{"title":"Paquetes Umrah: Hoteles, transporte, visados y gu\u00edas locales | UmrahPackages.com","description":"Los paquetes Umrah son programas de viaje dise\u00f1ados para los musulmanes que deseen realizar los rituales de la peregrinaci\u00f3n Umrah en La Meca. Reserve su paquete Umrah favorito.","robots":{"index":"noindex","follow":"follow","max-snippet":"max-snippet:-1","max-image-preview":"max-image-preview:large","max-video-preview":"max-video-preview:-1"},"og_locale":"es_ES","og_type":"article","og_title":"Umrah Packages, Hotel, Transportation, Local Guides | UmrahPackages.com","og_description":"Start your Umrah Journey seamlessly, reliably\u2028 and affordably, drawing you closer to the essence \u2028of Islamic spirituality.","og_url":"https:\/\/umrahpackages.com\/es\/","og_site_name":"UmrahPackages.com","article_modified_time":"2024-05-07T17:29:45+00:00","twitter_card":"summary_large_image","twitter_title":"Umrah Packages","schema":{"@context":"https:\/\/schema.org","@graph":[{"@type":"WebPage","@id":"https:\/\/umrahpackages.com\/es\/","url":"https:\/\/umrahpackages.com\/es\/","name":"Paquetes Umrah: Hoteles, transporte, visados y gu\u00edas locales | UmrahPackages.com","isPartOf":{"@id":"https:\/\/umrahpackages.com\/es\/#website"},"datePublished":"2024-02-19T14:11:55+00:00","dateModified":"2024-05-07T17:29:45+00:00","description":"Los paquetes Umrah son programas de viaje dise\u00f1ados para los musulmanes que deseen realizar los rituales de la peregrinaci\u00f3n Umrah en La Meca. Reserve su paquete Umrah favorito.","breadcrumb":{"@id":"https:\/\/umrahpackages.com\/es\/#breadcrumb"},"inLanguage":"es","potentialAction":[{"@type":"ReadAction","target":["https:\/\/umrahpackages.com\/es\/"]}]},{"@type":"BreadcrumbList","@id":"https:\/\/umrahpackages.com\/es\/#breadcrumb","itemListElement":[{"@type":"ListItem","position":1,"name":"Home","item":"https:\/\/umrahpackages.com\/es\/"},{"@type":"ListItem","position":2,"name":"Umrah Packages"}]},{"@type":"WebSite","@id":"https:\/\/umrahpackages.com\/es\/#website","url":"https:\/\/umrahpackages.com\/es\/","name":"UmrahPackages.com","description":"","potentialAction":[{"@type":"SearchAction","target":{"@type":"EntryPoint","urlTemplate":"https:\/\/umrahpackages.com\/es\/?s={search_term_string}"},"query-input":"required name=search_term_string"}],"inLanguage":"es"}]}},"_links":{"self":[{"href":"https:\/\/umrahpackages.com\/es\/wp-json\/wp\/v2\/pages\/597","targetHints":{"allow":["GET"]}}],"collection":[{"href":"https:\/\/umrahpackages.com\/es\/wp-json\/wp\/v2\/pages"}],"about":[{"href":"https:\/\/umrahpackages.com\/es\/wp-json\/wp\/v2\/types\/page"}],"author":[{"embeddable":true,"href":"https:\/\/umrahpackages.com\/es\/wp-json\/wp\/v2\/users\/1"}],"replies":[{"embeddable":true,"href":"https:\/\/umrahpackages.com\/es\/wp-json\/wp\/v2\/comments?post=597"}],"version-history":[{"count":14,"href":"https:\/\/umrahpackages.com\/es\/wp-json\/wp\/v2\/pages\/597\/revisions"}],"predecessor-version":[{"id":1778,"href":"https:\/\/umrahpackages.com\/es\/wp-json\/wp\/v2\/pages\/597\/revisions\/1778"}],"wp:attachment":[{"href":"https:\/\/umrahpackages.com\/es\/wp-json\/wp\/v2\/media?parent=597"}],"curies":[{"name":"wp","href":"https:\/\/api.w.org\/{rel}","templated":true}]}}